{"id":1167,"date":"2016-06-23T15:37:34","date_gmt":"2016-06-23T15:37:34","guid":{"rendered":"http:\/\/medigroup.mikado-themes.com\/?page_id=1167"},"modified":"2016-06-23T15:37:34","modified_gmt":"2016-06-23T15:37:34","slug":"cardiology","status":"publish","type":"page","link":"https:\/\/grupomedicoimae.com\/index.php\/departments\/cardiology\/","title":{"rendered":"Cardiology"},"content":{"rendered":"<p>[vc_row][vc_column width=&#8221;1\/2&#8243;]<div class=\"mkd-info-list\">\n    <div class=\"mkd-info-list-inner\">\n                    <h4 class=\"mkd-info-list-title\">INVESTIGATIONS<\/h4>\n        \n        <div class=\"mkd-info-list-items\">\n            <div class=\"mkd-info-list-item\">\n\t\t<a class=\"mkd-ili-link\" href=\"#\" target=\"_self\">\n\t\t\t<div class=\"mkd-info-list-item-inner\">\n\t\t\t<span class=\"mkd-ili-left\"><span class=\"mkd-ili-title\">BRONCHOSCOPY<\/span><\/span>\n\t\t\t<span class=\"mkd-ili-right\">From $ 250<\/span>\n\t\t<\/div>\n\t\t<\/a>\n\t<\/div><div class=\"mkd-info-list-item\">\n\t\t<a class=\"mkd-ili-link\" href=\"#\" target=\"_self\">\n\t\t\t<div class=\"mkd-info-list-item-inner\">\n\t\t\t<span class=\"mkd-ili-left\"><span class=\"mkd-ili-title\">Paratyroid scan<\/span><\/span>\n\t\t\t<span class=\"mkd-ili-right\">From $ 49<\/span>\n\t\t<\/div>\n\t\t<\/a>\n\t<\/div><div class=\"mkd-info-list-item\">\n\t\t<a class=\"mkd-ili-link\" href=\"#\" target=\"_self\">\n\t\t\t<div class=\"mkd-info-list-item-inner\">\n\t\t\t<span class=\"mkd-ili-left\"><span class=\"mkd-ili-title\">Orthotics<\/span><\/span>\n\t\t\t<span class=\"mkd-ili-right\">From $ 177<\/span>\n\t\t<\/div>\n\t\t<\/a>\n\t<\/div><div class=\"mkd-info-list-item\">\n\t\t<a class=\"mkd-ili-link\" href=\"#\" target=\"_self\">\n\t\t\t<div class=\"mkd-info-list-item-inner\">\n\t\t\t<span class=\"mkd-ili-left\"><span class=\"mkd-ili-title\">Captopril Renogram<\/span><\/span>\n\t\t\t<span class=\"mkd-ili-right\">From $ 65<\/span>\n\t\t<\/div>\n\t\t<\/a>\n\t<\/div><div class=\"mkd-info-list-item\">\n\t\t<a class=\"mkd-ili-link\" href=\"#\" target=\"_self\">\n\t\t\t<div class=\"mkd-info-list-item-inner\">\n\t\t\t<span class=\"mkd-ili-left\"><span class=\"mkd-ili-title\">Full Blood Picture<\/span><\/span>\n\t\t\t<span class=\"mkd-ili-right\">From $ 35<\/span>\n\t\t<\/div>\n\t\t<\/a>\n\t<\/div><div class=\"mkd-info-list-item\">\n\t\t<a class=\"mkd-ili-link\" href=\"#\" target=\"_self\">\n\t\t\t<div class=\"mkd-info-list-item-inner\">\n\t\t\t<span class=\"mkd-ili-left\"><span class=\"mkd-ili-title\">CT Head<\/span><\/span>\n\t\t\t<span class=\"mkd-ili-right\">From $ 220<\/span>\n\t\t<\/div>\n\t\t<\/a>\n\t<\/div>        <\/div>\n\n        <a href=\"http:\/\/medigroup.mikado-themes.com\/our-services\/\" target=\"_self\" style=\"font-size: 13px\" class=\"mkd-btn mkd-btn-small mkd-btn-transparent mkd-btn-icon mkd-btn-icon-left mkd-info-list-button mkd-btn-underline-on-hover mkd-btn-hover-white\"  >\t<span class=\"mkd-btn-icon-holder\"><span aria-hidden=\"true\" class=\"mkd-icon-font-elegant arrow_right mkd-btn-icon-elem\" ><\/span><\/span>\t<span class=\"mkd-btn-text\">Full list of services<\/span>\t\t\t\t<span class=\"mkd-btn-helper\" ><\/span>\t<\/a>    <\/div>\n<\/div>[\/vc_column][vc_column width=&#8221;1\/2&#8243;]<div class=\"mkd-info-list\">\n    <div class=\"mkd-info-list-inner\">\n                    <h4 class=\"mkd-info-list-title\">TREATMENTS<\/h4>\n        \n        <div class=\"mkd-info-list-items\">\n            <div class=\"mkd-info-list-item\">\n\t\t<a class=\"mkd-ili-link\" href=\"#\" target=\"_self\">\n\t\t\t<div class=\"mkd-info-list-item-inner\">\n\t\t\t<span class=\"mkd-ili-left\"><span class=\"mkd-ili-title\">Orthotics<\/span><\/span>\n\t\t\t<span class=\"mkd-ili-right\">From $ 177<\/span>\n\t\t<\/div>\n\t\t<\/a>\n\t<\/div><div class=\"mkd-info-list-item\">\n\t\t<a class=\"mkd-ili-link\" href=\"#\" target=\"_self\">\n\t\t\t<div class=\"mkd-info-list-item-inner\">\n\t\t\t<span class=\"mkd-ili-left\"><span class=\"mkd-ili-title\">Paratyroid scan<\/span><\/span>\n\t\t\t<span class=\"mkd-ili-right\">From $ 49<\/span>\n\t\t<\/div>\n\t\t<\/a>\n\t<\/div><div class=\"mkd-info-list-item\">\n\t\t<a class=\"mkd-ili-link\" href=\"#\" target=\"_self\">\n\t\t\t<div class=\"mkd-info-list-item-inner\">\n\t\t\t<span class=\"mkd-ili-left\"><span class=\"mkd-ili-title\">CT Head<\/span><\/span>\n\t\t\t<span class=\"mkd-ili-right\">From $ 220<\/span>\n\t\t<\/div>\n\t\t<\/a>\n\t<\/div><div class=\"mkd-info-list-item\">\n\t\t<a class=\"mkd-ili-link\" href=\"#\" target=\"_self\">\n\t\t\t<div class=\"mkd-info-list-item-inner\">\n\t\t\t<span class=\"mkd-ili-left\"><span class=\"mkd-ili-title\">Captopril Renogram<\/span><\/span>\n\t\t\t<span class=\"mkd-ili-right\">From $ 65<\/span>\n\t\t<\/div>\n\t\t<\/a>\n\t<\/div><div class=\"mkd-info-list-item\">\n\t\t<a class=\"mkd-ili-link\" href=\"#\" target=\"_self\">\n\t\t\t<div class=\"mkd-info-list-item-inner\">\n\t\t\t<span class=\"mkd-ili-left\"><span class=\"mkd-ili-title\">Full Blood Picture<\/span><\/span>\n\t\t\t<span class=\"mkd-ili-right\">From $ 35<\/span>\n\t\t<\/div>\n\t\t<\/a>\n\t<\/div><div class=\"mkd-info-list-item\">\n\t\t<a class=\"mkd-ili-link\" href=\"#\" target=\"_self\">\n\t\t\t<div class=\"mkd-info-list-item-inner\">\n\t\t\t<span class=\"mkd-ili-left\"><span class=\"mkd-ili-title\">BRONCHOSCOPY<\/span><\/span>\n\t\t\t<span class=\"mkd-ili-right\">From $ 250<\/span>\n\t\t<\/div>\n\t\t<\/a>\n\t<\/div>        <\/div>\n\n        <a href=\"http:\/\/medigroup.mikado-themes.com\/our-services\/\" target=\"_self\" style=\"font-size: 13px\" class=\"mkd-btn mkd-btn-small mkd-btn-transparent mkd-btn-icon mkd-btn-icon-left mkd-info-list-button mkd-btn-underline-on-hover mkd-btn-hover-white\"  >\t<span class=\"mkd-btn-icon-holder\"><span aria-hidden=\"true\" class=\"mkd-icon-font-elegant arrow_right mkd-btn-icon-elem\" ><\/span><\/span>\t<span class=\"mkd-btn-text\">Full list of services<\/span>\t\t\t\t<span class=\"mkd-btn-helper\" ><\/span>\t<\/a>    <\/div>\n<\/div>[\/vc_column][\/vc_row][vc_row css=&#8221;.vc_custom_1467968990222{padding-top: 100px !important;padding-bottom: 24px !important;}&#8221;][vc_column css=&#8221;.vc_custom_1467967734129{padding-right: 3% !important;}&#8221;]<div class=\"mkd-section-subtitle-holder mkd-section-subtitle-left\" >\n\t<p style=\"text-align: left;\" class=\"mkd-section-subtitle\">A GREAT PLACE TO WORK. A GREAT PLACE TO RECEIVE CARE. LEADING MEDICINE. LOREM IPSUM PROIN GRAVIDA NIBH VEL VELIT AUCTOR ALIQUETENEAN SOLLICITUDIN, LOREM QUIS BIBENDUM AUCTOR, NISI ELIT CONSEQUAT IPSUM. SED NON NEQUE ELIT.<\/p>\n<\/div>[vc_empty_space height=&#8221;20px&#8221;][vc_column_text]Lorem Ipsum proin gravida nibh vel velit auctor aliquet. Aenean sollicitudin, lorem quis bibendum auctor, nisi elit consequat ipsum, nec sagittis sem nibh id elit. Duis sed odio sit amet nibh vulputate cursus a sit amet mauris. Morbi accumsan ipsum velit. Nam nec tellus a odio tincidunt auctor a ornare odio. Sed non \u00a0mauris vitae erat consequat auctor eu in elit. Class aptent taciti sociosqu ad litorat per conubia nostra, per inceptos himenaeris in erat justo. Nullam ac urna eu felis dapibus condimentum sit amet a augue. Sed non neque elit. Sed ut imperdiet nisi. Proin condimentum fermentum nunc. Etiam pharetra, erat sed fermentum feugiat, velit mauris egestas quam, ut aliquam massa nisl quis neque. Suspendisse in orci enim proin gravida nibh vel velit auctor aliquet. Aenean sollicitudin, lorem quis bibendum auctor, nisi elit consequat ipsum, nec sagittis sem nibh id elit. Duis sed odio sit amet nibh\u00a0\u00a0vel velit auctor aliquet. Aenean sollicitudin, lorem quis bibendum auctor, nisi elit consequat ipsum, nec sagittis sem nibh id elit. Duis sed odio sit amet nibh vulputate cursus a sit amet mauris. Morbi accumsan ipsum velit.[\/vc_column_text][\/vc_column][\/vc_row][vc_row css=&#8221;.vc_custom_1467968997725{padding-bottom: 22px !important;}&#8221;][vc_column][vc_column_text]<\/p>\n<h3 style=\"font-weight: 500;\">MEET THE TEAM<\/h3>\n<p>[\/vc_column_text][vc_empty_space height=&#8221;14px&#8221;][vc_column_text]Lorem Ipsum proin gravida nibh vel velit auctor aliquet. Aenean sollicitudin, lorem quis bibendum auctor, nisi elit consequat ipsum, nec sagittis sem nibh id elit. Duis sed odio sit amet nibh vulputate cursus a sit amet mauris. Morbi accumsan ipsum velit. Nam nec tellus a odio tincidunt auctor a ornare odio. Sed non \u00a0mauris vitae erat consequat auctor eu in elit. Class aptent taciti sociosqu ad litora torquent per conubia nostra, per inceptos.[\/vc_column_text][vc_row_inner css=&#8221;.vc_custom_1466755922281{padding-top: 42px !important;}&#8221;][vc_column_inner width=&#8221;1\/3&#8243;]\n<div class=\"mkd-team\">\n\t<div class=\"mkd-team-inner\">\n\t\t\t\t\t<div class=\"mkd-team-image-holder\">\n\t\t\t\t<div class=\"mkd-team-image\">\n\t\t\t\t\t<img decoding=\"async\" src=\"https:\/\/grupomedicoimae.com\/wp-content\/uploads\/2024\/07\/Dr.-Luis-Fernando-Castro.jpg.jpeg\" alt=\"mkd-team-image\"\/>\n\n\t\t\t\t\t<div class=\"mkd-team-social-holder\">\n\t\t\t\t\t\t<div class=\"mkd-team-social circle\">\n\t\t\t\t\t\t\t<div class=\"mkd-team-social-inner\">\n\n\t\t\t\t\t\t\t\t\n\t<span class=\"mkd-icon-shortcode circle \"  >\n        \t\t<a href=\"https:\/\/www.linkedin.com\/\" target=\"_blank\">\n\t\t\t\n\t\t\t<span aria-hidden=\"true\" class=\"mkd-icon-font-elegant social_linkedin mkd-icon-element\" style=\"\" ><\/span>\n\t\t\t\t\t<\/a>\n\t    <\/span>\n\n\t\n\t<span class=\"mkd-icon-shortcode circle \"  >\n        \t\t<a href=\"https:\/\/www.skype.com\/\" target=\"_blank\">\n\t\t\t\n\t\t\t<span aria-hidden=\"true\" class=\"mkd-icon-font-elegant social_skype mkd-icon-element\" style=\"\" ><\/span>\n\t\t\t\t\t<\/a>\n\t    <\/span>\n\n\t\n\t<span class=\"mkd-icon-shortcode circle \"  >\n        \t\t<a href=\"https:\/\/twitter.com\/\" target=\"_blank\">\n\t\t\t\n\t\t\t<span aria-hidden=\"true\" class=\"mkd-icon-font-elegant social_twitter mkd-icon-element\" style=\"\" ><\/span>\n\t\t\t\t\t<\/a>\n\t    <\/span>\n\n\t\n\t\t\t\t\t\t\t<\/div>\n\t\t\t\t\t\t<\/div>\n\t\t\t\t\t<\/div>\n\t\t\t\t<\/div>\n\t\t\t<\/div>\n\t\t\n\t\t\t\t\t<div class=\"mkd-team-info\">\n\t\t\t\t\t\t\t\t\t<div class=\"mkd-team-title-holder circle\">\n\t\t\t\t\t\t\t\t\t\t\t\t\t<h5 class=\"mkd-team-name \">\n\t\t\t\t\t\t\t\t<a href=\"https:\/\/grupomedicoimae.com\/index.php\/doctor\/dr-luis-fernando-castro-ledesma\/\" target=\"_blank\">Dr. Luis Fernando Castro Ledesma<\/a>\t\t\t\t\t\t\t<\/h5>\n\t\t\t\t\t\t\t\t\t\t\t\t\t\t\t\t\t\t\t<h6 class=\"mkd-team-position \">Coloproctolog\u00eda<\/h6>\n\t\t\t\t\t\t\t\t\t\t\t<\/div>\n\t\t\t\t\n\t\t\t\t\n\t<\/div>\n<\/div>\n<\/div>[\/vc_column_inner][vc_column_inner width=&#8221;1\/3&#8243;]\n<div class=\"mkd-team\">\n\t<div class=\"mkd-team-inner\">\n\t\t\t\t\t<div class=\"mkd-team-image-holder\">\n\t\t\t\t<div class=\"mkd-team-image\">\n\t\t\t\t\t<img decoding=\"async\" src=\"https:\/\/grupomedicoimae.com\/wp-content\/uploads\/2016\/07\/IMG_0241-scaled.jpg\" alt=\"mkd-team-image\"\/>\n\n\t\t\t\t\t<div class=\"mkd-team-social-holder\">\n\t\t\t\t\t\t<div class=\"mkd-team-social circle\">\n\t\t\t\t\t\t\t<div class=\"mkd-team-social-inner\">\n\n\t\t\t\t\t\t\t\t\n\t<span class=\"mkd-icon-shortcode circle \"  >\n        \t\t<a href=\"https:\/\/www.linkedin.com\/\" target=\"_blank\">\n\t\t\t\n\t\t\t<span aria-hidden=\"true\" class=\"mkd-icon-font-elegant social_linkedin mkd-icon-element\" style=\"\" ><\/span>\n\t\t\t\t\t<\/a>\n\t    <\/span>\n\n\t\n\t<span class=\"mkd-icon-shortcode circle \"  >\n        \t\t<a href=\"https:\/\/www.skype.com\/\" target=\"_blank\">\n\t\t\t\n\t\t\t<span aria-hidden=\"true\" class=\"mkd-icon-font-elegant social_skype mkd-icon-element\" style=\"\" ><\/span>\n\t\t\t\t\t<\/a>\n\t    <\/span>\n\n\t\n\t<span class=\"mkd-icon-shortcode circle \"  >\n        \t\t<a href=\"https:\/\/twitter.com\/\" target=\"_blank\">\n\t\t\t\n\t\t\t<span aria-hidden=\"true\" class=\"mkd-icon-font-elegant social_twitter mkd-icon-element\" style=\"\" ><\/span>\n\t\t\t\t\t<\/a>\n\t    <\/span>\n\n\t\n\t\t\t\t\t\t\t<\/div>\n\t\t\t\t\t\t<\/div>\n\t\t\t\t\t<\/div>\n\t\t\t\t<\/div>\n\t\t\t<\/div>\n\t\t\n\t\t\t\t\t<div class=\"mkd-team-info\">\n\t\t\t\t\t\t\t\t\t<div class=\"mkd-team-title-holder circle\">\n\t\t\t\t\t\t\t\t\t\t\t\t\t<h5 class=\"mkd-team-name \">\n\t\t\t\t\t\t\t\t<a href=\"https:\/\/grupomedicoimae.com\/index.php\/doctor\/dr-ulises-mendoza-gonzalez\/\" target=\"_blank\">Dr. Ulises Mendoza Gonz\u00e1lez<\/a>\t\t\t\t\t\t\t<\/h5>\n\t\t\t\t\t\t\t\t\t\t\t\t\t\t\t\t\t\t\t<h6 class=\"mkd-team-position \">Cardiolog\u00eda Intervencionista<\/h6>\n\t\t\t\t\t\t\t\t\t\t\t<\/div>\n\t\t\t\t\n\t\t\t\t\n\t<\/div>\n<\/div>\n<\/div>[\/vc_column_inner][vc_column_inner width=&#8221;1\/3&#8243;]\n<div class=\"mkd-team\">\n\t<div class=\"mkd-team-inner\">\n\t\t\t\t\t<div class=\"mkd-team-image-holder\">\n\t\t\t\t<div class=\"mkd-team-image\">\n\t\t\t\t\t<img decoding=\"async\" src=\"https:\/\/grupomedicoimae.com\/wp-content\/uploads\/2024\/07\/cesar-guerrero-scaled.jpg\" alt=\"mkd-team-image\"\/>\n\n\t\t\t\t\t<div class=\"mkd-team-social-holder\">\n\t\t\t\t\t\t<div class=\"mkd-team-social circle\">\n\t\t\t\t\t\t\t<div class=\"mkd-team-social-inner\">\n\n\t\t\t\t\t\t\t\t\n\t<span class=\"mkd-icon-shortcode circle \"  >\n        \t\t<a href=\"https:\/\/www.linkedin.com\/\" target=\"_blank\">\n\t\t\t\n\t\t\t<span aria-hidden=\"true\" class=\"mkd-icon-font-elegant social_linkedin mkd-icon-element\" style=\"\" ><\/span>\n\t\t\t\t\t<\/a>\n\t    <\/span>\n\n\t\n\t<span class=\"mkd-icon-shortcode circle \"  >\n        \t\t<a href=\"https:\/\/www.skype.com\/\" target=\"_blank\">\n\t\t\t\n\t\t\t<span aria-hidden=\"true\" class=\"mkd-icon-font-elegant social_skype mkd-icon-element\" style=\"\" ><\/span>\n\t\t\t\t\t<\/a>\n\t    <\/span>\n\n\t\n\t<span class=\"mkd-icon-shortcode circle \"  >\n        \t\t<a href=\"https:\/\/twitter.com\/\" target=\"_blank\">\n\t\t\t\n\t\t\t<span aria-hidden=\"true\" class=\"mkd-icon-font-elegant social_twitter mkd-icon-element\" style=\"\" ><\/span>\n\t\t\t\t\t<\/a>\n\t    <\/span>\n\n\t\n\t\t\t\t\t\t\t<\/div>\n\t\t\t\t\t\t<\/div>\n\t\t\t\t\t<\/div>\n\t\t\t\t<\/div>\n\t\t\t<\/div>\n\t\t\n\t\t\t\t\t<div class=\"mkd-team-info\">\n\t\t\t\t\t\t\t\t\t<div class=\"mkd-team-title-holder circle\">\n\t\t\t\t\t\t\t\t\t\t\t\t\t<h5 class=\"mkd-team-name \">\n\t\t\t\t\t\t\t\t<a href=\"https:\/\/grupomedicoimae.com\/index.php\/doctor\/dr-cesar-guerrero-manon\/\" target=\"_blank\">Dr. C\u00e9sar Guerrero Ma\u00f1\u00f3n<\/a>\t\t\t\t\t\t\t<\/h5>\n\t\t\t\t\t\t\t\t\t\t\t\t\t\t\t\t\t\t\t<h6 class=\"mkd-team-position \">Cardiolog\u00eda cl\u00ednica<\/h6>\n\t\t\t\t\t\t\t\t\t\t\t<\/div>\n\t\t\t\t\n\t\t\t\t\n\t<\/div>\n<\/div>\n<\/div>[\/vc_column_inner][\/vc_row_inner][\/vc_column][\/vc_row]<\/p>\n","protected":false},"excerpt":{"rendered":"<p>[vc_row][vc_column width=&#8221;1\/2&#8243;][\/vc_column][vc_column width=&#8221;1\/2&#8243;][\/vc_column][\/vc_row][vc_row css=&#8221;.vc_custom_1467968990222{padding-top: 100px !important;padding-bottom: 24px !important;}&#8221;][vc_column css=&#8221;.vc_custom_1467967734129{padding-right: 3% !important;}&#8221;][vc_empty_space height=&#8221;20px&#8221;][vc_column_text]Lorem Ipsum proin gravida nibh vel velit auctor aliquet. Aenean sollicitudin, lorem quis bibendum auctor, nisi elit consequat ipsum, nec sagittis sem nibh id elit. Duis sed odio sit amet nibh vulputate cursus a&#8230;<\/p>\n","protected":false},"author":1,"featured_media":0,"parent":2591,"menu_order":0,"comment_status":"closed","ping_status":"closed","template":"","meta":{"footnotes":""},"class_list":["post-1167","page","type-page","status-publish","hentry"],"_links":{"self":[{"href":"https:\/\/grupomedicoimae.com\/index.php\/wp-json\/wp\/v2\/pages\/1167","targetHints":{"allow":["GET"]}}],"collection":[{"href":"https:\/\/grupomedicoimae.com\/index.php\/wp-json\/wp\/v2\/pages"}],"about":[{"href":"https:\/\/grupomedicoimae.com\/index.php\/wp-json\/wp\/v2\/types\/page"}],"author":[{"embeddable":true,"href":"https:\/\/grupomedicoimae.com\/index.php\/wp-json\/wp\/v2\/users\/1"}],"replies":[{"embeddable":true,"href":"https:\/\/grupomedicoimae.com\/index.php\/wp-json\/wp\/v2\/comments?post=1167"}],"version-history":[{"count":0,"href":"https:\/\/grupomedicoimae.com\/index.php\/wp-json\/wp\/v2\/pages\/1167\/revisions"}],"up":[{"embeddable":true,"href":"https:\/\/grupomedicoimae.com\/index.php\/wp-json\/wp\/v2\/pages\/2591"}],"wp:attachment":[{"href":"https:\/\/grupomedicoimae.com\/index.php\/wp-json\/wp\/v2\/media?parent=1167"}],"curies":[{"name":"wp","href":"https:\/\/api.w.org\/{rel}","templated":true}]}}