{"id":4268,"date":"2024-08-28T01:50:30","date_gmt":"2024-08-28T01:50:30","guid":{"rendered":"https:\/\/grupomedicoimae.com\/?page_id=4268"},"modified":"2024-10-06T20:57:57","modified_gmt":"2024-10-06T20:57:57","slug":"nefrologia","status":"publish","type":"page","link":"https:\/\/grupomedicoimae.com\/index.php\/nefrologia\/","title":{"rendered":"Nefrolog\u00eda"},"content":{"rendered":"<p>[vc_row content_width=&#8221;grid&#8221;][vc_column][vc_empty_space height=&#8221;25px&#8221;]<div class=\"mkd-section-title-holder\">\n\t<h2 class=\"mkd-section-title\" style=\"color: #01063f\">\n\tNefrolog\u00eda<\/h2>\n<\/div>[vc_column_text]Especialidad m\u00e9dica que estudia la anatom\u00eda de los ri\u00f1ones su estructura y la funci\u00f3n renal, tanto en la salud como en la enfermedad, incluyendo la prevenci\u00f3n y tratamiento de las enfermedades renales.[\/vc_column_text][vc_empty_space height=&#8221;25px&#8221;][\/vc_column][\/vc_row][vc_row content_width=&#8221;grid&#8221; css=&#8221;.vc_custom_1470129511103{padding-top: 46px !important;background-color: #f7f7f7 !important;}&#8221;][vc_column width=&#8221;1\/2&#8243; offset=&#8221;vc_col-lg-3&#8243;]\n<div class=\"mkd-team\">\n\t<div class=\"mkd-team-inner\">\n\t\t\t\t\t<div class=\"mkd-team-image-holder\">\n\t\t\t\t<div class=\"mkd-team-image\">\n\t\t\t\t\t<img decoding=\"async\" src=\"https:\/\/grupomedicoimae.com\/wp-content\/uploads\/2024\/07\/DR-PULIDO.jpg\" alt=\"mkd-team-image\"\/>\n\n\t\t\t\t\t<div class=\"mkd-team-social-holder\">\n\t\t\t\t\t\t<div class=\"mkd-team-social circle\">\n\t\t\t\t\t\t\t<div class=\"mkd-team-social-inner\">\n\n\t\t\t\t\t\t\t\t\n\t<span class=\"mkd-icon-shortcode circle \"  >\n        \t\t<a href=\"https:\/\/www.linkedin.com\" target=\"_blank\">\n\t\t\t\n\t\t\t<span aria-hidden=\"true\" class=\"mkd-icon-font-elegant social_linkedin mkd-icon-element\" style=\"\" ><\/span>\n\t\t\t\t\t<\/a>\n\t    <\/span>\n\n\t\n\t<span class=\"mkd-icon-shortcode circle \"  >\n        \t\t<a href=\"https:\/\/www.skype.com\" target=\"_blank\">\n\t\t\t\n\t\t\t<span aria-hidden=\"true\" class=\"mkd-icon-font-elegant social_skype mkd-icon-element\" style=\"\" ><\/span>\n\t\t\t\t\t<\/a>\n\t    <\/span>\n\n\t\n\t<span class=\"mkd-icon-shortcode circle \"  >\n        \t\t<a href=\"https:\/\/twitter.com\" target=\"_blank\">\n\t\t\t\n\t\t\t<span aria-hidden=\"true\" class=\"mkd-icon-font-elegant social_twitter mkd-icon-element\" style=\"\" ><\/span>\n\t\t\t\t\t<\/a>\n\t    <\/span>\n\n\t\n\t\t\t\t\t\t\t<\/div>\n\t\t\t\t\t\t<\/div>\n\t\t\t\t\t<\/div>\n\t\t\t\t<\/div>\n\t\t\t<\/div>\n\t\t\n\t\t\t\t\t<div class=\"mkd-team-info\">\n\t\t\t\t\t\t\t\t\t<div class=\"mkd-team-title-holder circle\">\n\t\t\t\t\t\t\t\t\t\t\t\t\t<h5 class=\"mkd-team-name \">\n\t\t\t\t\t\t\t\t<a href=\"https:\/\/grupomedicoimae.com\/index.php\/doctor\/dr-alejandro-garcia-pulido\/\" target=\"_blank\">Dr. Alejandro Garc\u00eda Pulido<\/a>\t\t\t\t\t\t\t<\/h5>\n\t\t\t\t\t\t\t\t\t\t\t\t\t\t\t\t\t\t\t<h6 class=\"mkd-team-position \">Nefrolog\u00eda<\/h6>\n\t\t\t\t\t\t\t\t\t\t\t<\/div>\n\t\t\t\t\n\t\t\t\t\n\t<\/div>\n<\/div>\n<\/div>[vc_empty_space height=&#8221;50px&#8221;][\/vc_column][vc_column width=&#8221;1\/2&#8243; offset=&#8221;vc_col-lg-3&#8243;]\n<div class=\"mkd-team\">\n\t<div class=\"mkd-team-inner\">\n\t\t\t\t\t<div class=\"mkd-team-image-holder\">\n\t\t\t\t<div class=\"mkd-team-image\">\n\t\t\t\t\t<img decoding=\"async\" src=\"https:\/\/grupomedicoimae.com\/wp-content\/uploads\/2024\/07\/mayorga-madrigal-scaled.jpg\" alt=\"mkd-team-image\"\/>\n\n\t\t\t\t\t<div class=\"mkd-team-social-holder\">\n\t\t\t\t\t\t<div class=\"mkd-team-social circle\">\n\t\t\t\t\t\t\t<div class=\"mkd-team-social-inner\">\n\n\t\t\t\t\t\t\t\t\n\t<span class=\"mkd-icon-shortcode circle \"  >\n        \t\t<a href=\"https:\/\/www.linkedin.com\" target=\"_blank\">\n\t\t\t\n\t\t\t<span aria-hidden=\"true\" class=\"mkd-icon-font-elegant social_linkedin mkd-icon-element\" style=\"\" ><\/span>\n\t\t\t\t\t<\/a>\n\t    <\/span>\n\n\t\n\t<span class=\"mkd-icon-shortcode circle \"  >\n        \t\t<a href=\"https:\/\/www.skype.com\" target=\"_blank\">\n\t\t\t\n\t\t\t<span aria-hidden=\"true\" class=\"mkd-icon-font-elegant social_skype mkd-icon-element\" style=\"\" ><\/span>\n\t\t\t\t\t<\/a>\n\t    <\/span>\n\n\t\n\t<span class=\"mkd-icon-shortcode circle \"  >\n        \t\t<a href=\"https:\/\/twitter.com\" target=\"_blank\">\n\t\t\t\n\t\t\t<span aria-hidden=\"true\" class=\"mkd-icon-font-elegant social_twitter mkd-icon-element\" style=\"\" ><\/span>\n\t\t\t\t\t<\/a>\n\t    <\/span>\n\n\t\n\t\t\t\t\t\t\t<\/div>\n\t\t\t\t\t\t<\/div>\n\t\t\t\t\t<\/div>\n\t\t\t\t<\/div>\n\t\t\t<\/div>\n\t\t\n\t\t\t\t\t<div class=\"mkd-team-info\">\n\t\t\t\t\t\t\t\t\t<div class=\"mkd-team-title-holder circle\">\n\t\t\t\t\t\t\t\t\t\t\t\t\t<h5 class=\"mkd-team-name \">\n\t\t\t\t\t\t\t\t<a href=\"https:\/\/grupomedicoimae.com\/index.php\/doctor\/dr-hector-mayorga-madrigal\/\" target=\"_blank\">Dr. H\u00e9ctor Mayorga Madrigal<\/a>\t\t\t\t\t\t\t<\/h5>\n\t\t\t\t\t\t\t\t\t\t\t\t\t\t\t\t\t\t\t<h6 class=\"mkd-team-position \">Nefrolog\u00eda<\/h6>\n\t\t\t\t\t\t\t\t\t\t\t<\/div>\n\t\t\t\t\n\t\t\t\t\n\t<\/div>\n<\/div>\n<\/div>[vc_empty_space height=&#8221;50px&#8221;][\/vc_column][vc_column width=&#8221;1\/2&#8243; offset=&#8221;vc_col-lg-3&#8243;]\n<div class=\"mkd-team\">\n\t<div class=\"mkd-team-inner\">\n\t\t\t\t\t<div class=\"mkd-team-image-holder\">\n\t\t\t\t<div class=\"mkd-team-image\">\n\t\t\t\t\t<img decoding=\"async\" src=\"https:\/\/grupomedicoimae.com\/wp-content\/uploads\/2024\/07\/Imagen-de-WhatsApp-2024-07-18-a-las-11.55.00_7a065f4d.jpg\" alt=\"mkd-team-image\"\/>\n\n\t\t\t\t\t<div class=\"mkd-team-social-holder\">\n\t\t\t\t\t\t<div class=\"mkd-team-social circle\">\n\t\t\t\t\t\t\t<div class=\"mkd-team-social-inner\">\n\n\t\t\t\t\t\t\t\t\n\t<span class=\"mkd-icon-shortcode circle \"  >\n        \t\t<a href=\"https:\/\/www.linkedin.com\" target=\"_blank\">\n\t\t\t\n\t\t\t<span aria-hidden=\"true\" class=\"mkd-icon-font-elegant social_linkedin mkd-icon-element\" style=\"\" ><\/span>\n\t\t\t\t\t<\/a>\n\t    <\/span>\n\n\t\n\t<span class=\"mkd-icon-shortcode circle \"  >\n        \t\t<a href=\"https:\/\/www.skype.com\" target=\"_blank\">\n\t\t\t\n\t\t\t<span aria-hidden=\"true\" class=\"mkd-icon-font-elegant social_skype mkd-icon-element\" style=\"\" ><\/span>\n\t\t\t\t\t<\/a>\n\t    <\/span>\n\n\t\n\t<span class=\"mkd-icon-shortcode circle \"  >\n        \t\t<a href=\"https:\/\/twitter.com\" target=\"_blank\">\n\t\t\t\n\t\t\t<span aria-hidden=\"true\" class=\"mkd-icon-font-elegant social_twitter mkd-icon-element\" style=\"\" ><\/span>\n\t\t\t\t\t<\/a>\n\t    <\/span>\n\n\t\n\t\t\t\t\t\t\t<\/div>\n\t\t\t\t\t\t<\/div>\n\t\t\t\t\t<\/div>\n\t\t\t\t<\/div>\n\t\t\t<\/div>\n\t\t\n\t\t\t\t\t<div class=\"mkd-team-info\">\n\t\t\t\t\t\t\t\t\t<div class=\"mkd-team-title-holder circle\">\n\t\t\t\t\t\t\t\t\t\t\t\t\t<h5 class=\"mkd-team-name \">\n\t\t\t\t\t\t\t\t<a href=\"https:\/\/grupomedicoimae.com\/index.php\/doctor\/dr-quintana-francisco-dominguez\/\" target=\"_blank\">Dr. Francisco Dom\u00ednguez Quintana<\/a>\t\t\t\t\t\t\t<\/h5>\n\t\t\t\t\t\t\t\t\t\t\t\t\t\t\t\t\t\t\t<h6 class=\"mkd-team-position \">Nefrolog\u00eda<\/h6>\n\t\t\t\t\t\t\t\t\t\t\t<\/div>\n\t\t\t\t\n\t\t\t\t\n\t<\/div>\n<\/div>\n<\/div>[vc_empty_space height=&#8221;50px&#8221;][\/vc_column][vc_column width=&#8221;1\/2&#8243; offset=&#8221;vc_col-lg-3&#8243;]\n<div class=\"mkd-team\">\n\t<div class=\"mkd-team-inner\">\n\t\t\t\t\t<div class=\"mkd-team-image-holder\">\n\t\t\t\t<div class=\"mkd-team-image\">\n\t\t\t\t\t<img decoding=\"async\" src=\"https:\/\/grupomedicoimae.com\/wp-content\/uploads\/2024\/07\/IMG_0879-scaled.jpg\" alt=\"mkd-team-image\"\/>\n\n\t\t\t\t\t<div class=\"mkd-team-social-holder\">\n\t\t\t\t\t\t<div class=\"mkd-team-social circle\">\n\t\t\t\t\t\t\t<div class=\"mkd-team-social-inner\">\n\n\t\t\t\t\t\t\t\t\n\t<span class=\"mkd-icon-shortcode circle \"  >\n        \t\t<a href=\"https:\/\/www.linkedin.com\" target=\"_blank\">\n\t\t\t\n\t\t\t<span aria-hidden=\"true\" class=\"mkd-icon-font-elegant social_linkedin mkd-icon-element\" style=\"\" ><\/span>\n\t\t\t\t\t<\/a>\n\t    <\/span>\n\n\t\n\t<span class=\"mkd-icon-shortcode circle \"  >\n        \t\t<a href=\"https:\/\/www.skype.com\" target=\"_blank\">\n\t\t\t\n\t\t\t<span aria-hidden=\"true\" class=\"mkd-icon-font-elegant social_skype mkd-icon-element\" style=\"\" ><\/span>\n\t\t\t\t\t<\/a>\n\t    <\/span>\n\n\t\n\t<span class=\"mkd-icon-shortcode circle \"  >\n        \t\t<a href=\"https:\/\/twitter.com\" target=\"_blank\">\n\t\t\t\n\t\t\t<span aria-hidden=\"true\" class=\"mkd-icon-font-elegant social_twitter mkd-icon-element\" style=\"\" ><\/span>\n\t\t\t\t\t<\/a>\n\t    <\/span>\n\n\t\n\t\t\t\t\t\t\t<\/div>\n\t\t\t\t\t\t<\/div>\n\t\t\t\t\t<\/div>\n\t\t\t\t<\/div>\n\t\t\t<\/div>\n\t\t\n\t\t\t\t\t<div class=\"mkd-team-info\">\n\t\t\t\t\t\t\t\t\t<div class=\"mkd-team-title-holder circle\">\n\t\t\t\t\t\t\t\t\t\t\t\t\t<h5 class=\"mkd-team-name \">\n\t\t\t\t\t\t\t\t<a href=\"https:\/\/grupomedicoimae.com\/index.php\/doctor\/dr-juan-vicente-cuellar-gonzalez\/\" target=\"_blank\">Dr. Juan Vicente Cuellar Gonz\u00e1lez<\/a>\t\t\t\t\t\t\t<\/h5>\n\t\t\t\t\t\t\t\t\t\t\t\t\t\t\t\t\t\t\t<h6 class=\"mkd-team-position \">Nefrolog\u00eda<\/h6>\n\t\t\t\t\t\t\t\t\t\t\t<\/div>\n\t\t\t\t\n\t\t\t\t\n\t<\/div>\n<\/div>\n<\/div>[vc_empty_space height=&#8221;50px&#8221;][\/vc_column][\/vc_row][vc_row content_width=&#8221;grid&#8221; css=&#8221;.vc_custom_1468834807749{padding-bottom: 60px !important;background-color: #f7f7f7 !important;}&#8221;][vc_column width=&#8221;1\/2&#8243; offset=&#8221;vc_col-lg-3&#8243;]\n<div class=\"mkd-team\">\n\t<div class=\"mkd-team-inner\">\n\t\t\t\t\t<div class=\"mkd-team-image-holder\">\n\t\t\t\t<div class=\"mkd-team-image\">\n\t\t\t\t\t<img decoding=\"async\" src=\"https:\/\/grupomedicoimae.com\/wp-content\/uploads\/2024\/07\/montiel-scaled.jpg\" alt=\"mkd-team-image\"\/>\n\n\t\t\t\t\t<div class=\"mkd-team-social-holder\">\n\t\t\t\t\t\t<div class=\"mkd-team-social circle\">\n\t\t\t\t\t\t\t<div class=\"mkd-team-social-inner\">\n\n\t\t\t\t\t\t\t\t\n\t<span class=\"mkd-icon-shortcode circle \"  >\n        \t\t<a href=\"https:\/\/www.linkedin.com\" target=\"_blank\">\n\t\t\t\n\t\t\t<span aria-hidden=\"true\" class=\"mkd-icon-font-elegant social_linkedin mkd-icon-element\" style=\"\" ><\/span>\n\t\t\t\t\t<\/a>\n\t    <\/span>\n\n\t\n\t<span class=\"mkd-icon-shortcode circle \"  >\n        \t\t<a href=\"https:\/\/www.skype.com\" target=\"_blank\">\n\t\t\t\n\t\t\t<span aria-hidden=\"true\" class=\"mkd-icon-font-elegant social_skype mkd-icon-element\" style=\"\" ><\/span>\n\t\t\t\t\t<\/a>\n\t    <\/span>\n\n\t\n\t<span class=\"mkd-icon-shortcode circle \"  >\n        \t\t<a href=\"https:\/\/twitter.com\" target=\"_blank\">\n\t\t\t\n\t\t\t<span aria-hidden=\"true\" class=\"mkd-icon-font-elegant social_twitter mkd-icon-element\" style=\"\" ><\/span>\n\t\t\t\t\t<\/a>\n\t    <\/span>\n\n\t\n\t\t\t\t\t\t\t<\/div>\n\t\t\t\t\t\t<\/div>\n\t\t\t\t\t<\/div>\n\t\t\t\t<\/div>\n\t\t\t<\/div>\n\t\t\n\t\t\t\t\t<div class=\"mkd-team-info\">\n\t\t\t\t\t\t\t\t\t<div class=\"mkd-team-title-holder circle\">\n\t\t\t\t\t\t\t\t\t\t\t\t\t<h5 class=\"mkd-team-name \">\n\t\t\t\t\t\t\t\t<a href=\"https:\/\/grupomedicoimae.com\/index.php\/doctor\/dra-liliana-montiel-cruz\/\" target=\"_blank\">Dra. Liliana Montiel Cruz<\/a>\t\t\t\t\t\t\t<\/h5>\n\t\t\t\t\t\t\t\t\t\t\t\t\t\t\t\t\t\t\t<h6 class=\"mkd-team-position \">Nefrolog\u00eda<\/h6>\n\t\t\t\t\t\t\t\t\t\t\t<\/div>\n\t\t\t\t\n\t\t\t\t\n\t<\/div>\n<\/div>\n<\/div>[vc_empty_space height=&#8221;50px&#8221;][\/vc_column][vc_column width=&#8221;1\/2&#8243; offset=&#8221;vc_col-lg-3&#8243;]\n<div class=\"mkd-team\">\n\t<div class=\"mkd-team-inner\">\n\t\t\t\t\t<div class=\"mkd-team-image-holder\">\n\t\t\t\t<div class=\"mkd-team-image\">\n\t\t\t\t\t<img decoding=\"async\" src=\"https:\/\/grupomedicoimae.com\/wp-content\/uploads\/2024\/07\/alan-quintanilla-rivera.jpg\" alt=\"mkd-team-image\"\/>\n\n\t\t\t\t\t<div class=\"mkd-team-social-holder\">\n\t\t\t\t\t\t<div class=\"mkd-team-social circle\">\n\t\t\t\t\t\t\t<div class=\"mkd-team-social-inner\">\n\n\t\t\t\t\t\t\t\t\n\t<span class=\"mkd-icon-shortcode circle \"  >\n        \t\t<a href=\"https:\/\/www.linkedin.com\" target=\"_blank\">\n\t\t\t\n\t\t\t<span aria-hidden=\"true\" class=\"mkd-icon-font-elegant social_linkedin mkd-icon-element\" style=\"\" ><\/span>\n\t\t\t\t\t<\/a>\n\t    <\/span>\n\n\t\n\t<span class=\"mkd-icon-shortcode circle \"  >\n        \t\t<a href=\"https:\/\/www.skype.com\" target=\"_blank\">\n\t\t\t\n\t\t\t<span aria-hidden=\"true\" class=\"mkd-icon-font-elegant social_skype mkd-icon-element\" style=\"\" ><\/span>\n\t\t\t\t\t<\/a>\n\t    <\/span>\n\n\t\n\t<span class=\"mkd-icon-shortcode circle \"  >\n        \t\t<a href=\"https:\/\/twitter.com\" target=\"_blank\">\n\t\t\t\n\t\t\t<span aria-hidden=\"true\" class=\"mkd-icon-font-elegant social_twitter mkd-icon-element\" style=\"\" ><\/span>\n\t\t\t\t\t<\/a>\n\t    <\/span>\n\n\t\n\t\t\t\t\t\t\t<\/div>\n\t\t\t\t\t\t<\/div>\n\t\t\t\t\t<\/div>\n\t\t\t\t<\/div>\n\t\t\t<\/div>\n\t\t\n\t\t\t\t\t<div class=\"mkd-team-info\">\n\t\t\t\t\t\t\t\t\t<div class=\"mkd-team-title-holder circle\">\n\t\t\t\t\t\t\t\t\t\t\t\t\t<h5 class=\"mkd-team-name \">\n\t\t\t\t\t\t\t\t<a href=\"https:\/\/grupomedicoimae.com\/index.php\/doctor\/dr-alan-quintanilla-rivera\/\" target=\"_blank\">Dr. Alan Quintanilla Rivera<\/a>\t\t\t\t\t\t\t<\/h5>\n\t\t\t\t\t\t\t\t\t\t\t\t\t\t\t\t\t\t\t<h6 class=\"mkd-team-position \">Nefrolog\u00eda<\/h6>\n\t\t\t\t\t\t\t\t\t\t\t<\/div>\n\t\t\t\t\n\t\t\t\t\n\t<\/div>\n<\/div>\n<\/div>[vc_empty_space height=&#8221;50px&#8221;][\/vc_column][\/vc_row]<\/p>\n","protected":false},"excerpt":{"rendered":"<p>[vc_row content_width=&#8221;grid&#8221;][vc_column][vc_empty_space height=&#8221;25px&#8221;][vc_column_text]Especialidad m\u00e9dica que estudia la anatom\u00eda de los ri\u00f1ones su estructura y la funci\u00f3n renal, tanto en la salud como en la enfermedad, incluyendo la prevenci\u00f3n y tratamiento de las enfermedades renales.[\/vc_column_text][vc_empty_space height=&#8221;25px&#8221;][\/vc_column][\/vc_row][vc_row content_width=&#8221;grid&#8221; css=&#8221;.vc_custom_1470129511103{padding-top: 46px !important;background-color: #f7f7f7 !important;}&#8221;][vc_column width=&#8221;1\/2&#8243; offset=&#8221;vc_col-lg-3&#8243;][vc_empty_space height=&#8221;50px&#8221;][\/vc_column][vc_column width=&#8221;1\/2&#8243;&#8230;<\/p>\n","protected":false},"author":1,"featured_media":0,"parent":0,"menu_order":0,"comment_status":"closed","ping_status":"closed","template":"full-width.php","meta":{"footnotes":""},"class_list":["post-4268","page","type-page","status-publish","hentry"],"_links":{"self":[{"href":"https:\/\/grupomedicoimae.com\/index.php\/wp-json\/wp\/v2\/pages\/4268","targetHints":{"allow":["GET"]}}],"collection":[{"href":"https:\/\/grupomedicoimae.com\/index.php\/wp-json\/wp\/v2\/pages"}],"about":[{"href":"https:\/\/grupomedicoimae.com\/index.php\/wp-json\/wp\/v2\/types\/page"}],"author":[{"embeddable":true,"href":"https:\/\/grupomedicoimae.com\/index.php\/wp-json\/wp\/v2\/users\/1"}],"replies":[{"embeddable":true,"href":"https:\/\/grupomedicoimae.com\/index.php\/wp-json\/wp\/v2\/comments?post=4268"}],"version-history":[{"count":2,"href":"https:\/\/grupomedicoimae.com\/index.php\/wp-json\/wp\/v2\/pages\/4268\/revisions"}],"predecessor-version":[{"id":4331,"href":"https:\/\/grupomedicoimae.com\/index.php\/wp-json\/wp\/v2\/pages\/4268\/revisions\/4331"}],"wp:attachment":[{"href":"https:\/\/grupomedicoimae.com\/index.php\/wp-json\/wp\/v2\/media?parent=4268"}],"curies":[{"name":"wp","href":"https:\/\/api.w.org\/{rel}","templated":true}]}}